{"id":159,"date":"2016-03-16T09:39:14","date_gmt":"2016-03-16T08:39:14","guid":{"rendered":"http:\/\/sopilates-nice.fr\/?page_id=159"},"modified":"2021-05-05T15:26:33","modified_gmt":"2021-05-05T14:26:33","slug":"mentions-legales","status":"publish","type":"page","link":"https:\/\/sopilates.test-informanice.com\/en\/mentions-legales\/","title":{"rendered":"Mentions l\u00e9gales"},"content":{"rendered":"<div id=\"texte_a_afficher\" class=\"texte_inselectionnable\">\n<p style=\"text-align: center;\"><strong><span id=\"span_id_nom_du_site_internet\">Sopilates<\/span><\/strong><\/p>\n<p>&nbsp;<\/p>\n<p>Conform\u00e9ment aux dispositions des Articles 6-III et 19 de la Loi n\u00b02004-575 du 21 juin 2004 pour la Confiance dans l&#8217;\u00e9conomie num\u00e9rique, dite L.C.E.N., il est port\u00e9 \u00e0 la connaissance des utilisateurs et visiteurs du site <span id=\"span_id_nom_du_site_internet\">Sopilates<\/span> les pr\u00e9sentes mentions l\u00e9gales.<br \/>\nLe site <span id=\"span_id_nom_du_site_internet\">Sopilates<\/span> est accessible \u00e0 l&#8217;adresse suivante : <span id=\"span_id_url_site\">http:\/\/www.sopilates-nice.com<\/span> (ci-apr\u00e8s &#8220;le Site&#8221;). L&#8217;acc\u00e8s et l&#8217;utilisation du Site sont soumis aux pr\u00e9sentes &#8221; Mentions l\u00e9gales&#8221; d\u00e9taill\u00e9es ci-apr\u00e8s ainsi qu&#8217;aux lois et\/ou r\u00e8glements applicables.<\/p>\n<p><span style=\"text-align: left;\"><span style=\"letter-spacing: 0.001em; line-height: 1.3;\">La connexion, l&#8217;utilisation et l&#8217;acc\u00e8s \u00e0 ce Site impliquent l&#8217;acceptation int\u00e9grale et sans r\u00e9serve de l&#8217;internaute de toutes les dispositions des pr\u00e9sentes Mentions L\u00e9gales.<\/span><\/span><\/p>\n<p><strong><br \/>\nARTICLE 1 &#8211; INFORMATIONS L\u00c9GALES<\/strong><\/p>\n<p>En vertu de l&#8217;Article 6 de la Loi n\u00b0 2004-575 du 21 juin 2004 pour la confiance dans l&#8217;\u00e9conomie num\u00e9rique, il est pr\u00e9cis\u00e9 dans cet article l&#8217;identit\u00e9 des diff\u00e9rents intervenants dans le cadre de sa r\u00e9alisation et de son suivi.<\/p>\n<p>Le site <span id=\"span_id_nom_du_site_internet\">Sopilates<\/span> est \u00e9dit\u00e9 par :<\/p>\n<p><strong><span id=\"span_id_denomination_sociale_de_la_societe\" class=\"encours\"><span class=\"variable_vide\">SASU Sopilates<\/span><\/span><\/strong><\/p>\n<p>ayant son si\u00e8ge social \u00e0 l&#8217;adresse suivante : 18 rue Catherine S\u00e9gurane \u00e0 Nice.<\/p>\n<p>T\u00e9l\u00e9phone : 0630485005<\/p>\n<p>Adresse e-mail : Contact@sopilates-nice.fr<\/p>\n<p>ci apr\u00e8s &#8221; l&#8217;\u00c9diteur &#8221;<br \/>\nLe Directeur de publication est :<\/p>\n<p><strong><span id=\"span_id_civilite_et_nom_du_directeur_de_publication\"><span class=\"variable_vide\">Sophie SIGRIST<\/span><\/span><\/strong><\/p>\n<p>Adresse e-mail de contact : Sopilates@me.com<\/p>\n<p>ci apr\u00e8s &#8221; le Directeur de publication &#8221;<\/p>\n<p>Le site <span id=\"span_id_nom_du_site_internet\">Sopilates<\/span> est h\u00e9berg\u00e9 par :\u00a0Alwaysdata,<\/p>\n<p>dont le si\u00e8ge est situ\u00e9 \u00e0 l&#8217;adresse suivante : 91 rue du Faubourg Saint Honor\u00e9 &#8211; 75008 Paris.<\/p>\n<p>ci apr\u00e8s &#8221; l&#8217;H\u00e9bergeur &#8221;<\/p>\n<p>Sont consid\u00e9r\u00e9s comme utilisateurs tout les internautes qui naviguent, lisent, visionnent et utilisent le site <span id=\"span_id_nom_du_site_internet\">So&#8217;Pilates<\/span>.<\/p>\n<p>ci apr\u00e8s les &#8221; Utilisateurs &#8221;<\/p>\n<p><strong><br \/>\nARTICLE 2 &#8211; ACCESSIBILIT\u00c9<\/strong><\/p>\n<p>Le Site est par principe accessible aux utilisateurs 24\/24h et 7\/7j, sauf interruption, programm\u00e9e ou non, pour des besoins de maintenance ou en cas de force majeure.<\/p>\n<p>En cas d&#8217;impossibilit\u00e9 d&#8217;acc\u00e8s au Site, celui-ci s&#8217;engage \u00e0 faire son maximum afin d&#8217;en r\u00e9tablir l&#8217;acc\u00e8s. Le Site ne saurait \u00eatre tenu pour responsable de tout dommage, quelle qu&#8217;en soit la nature, r\u00e9sultant de son indisponibilit\u00e9.<\/p>\n<p><strong><br \/>\nARTICLE 3 &#8211; COLLECTE DE DONN\u00c9ES ET LOI INFORMATIQUE ET LIBERT\u00c9S<\/strong><\/p>\n<p>Ce site est d\u00e9clar\u00e9 \u00e0 la Commission Nationale Informatique et Libert\u00e9s (CNIL) sous<\/p>\n<p>En outre, il est conforme aux dispositions de la Loi 78-17 du 6 janvier 1978 relative \u00e0 l&#8217;informatique, aux fichiers et aux libert\u00e9s. En vertu de celle-ci l&#8217;Utilisateur b\u00e9n\u00e9ficie notamment d&#8217;un droit d&#8217;opposition (art. 32 et 38), d&#8217;acc\u00e8s (art. 38 et 39) et de rectification (art. 40) des donn\u00e9es le concernant.<\/p>\n<p>Pour faire usage de celui-ci, l&#8217;Utilisateur doit s&#8217;adresser \u00e0 l&#8217;\u00c9diteur en le contactant \u00e0 l&#8217;adresse suivante: 18 rue catherine S\u00e9gurane \u00e0 Nice, ou par courrier adress\u00e9 au si\u00e8ge social de l&#8217;\u00c9diteur en pr\u00e9cisant ses nom, pr\u00e9nom(s), adresse et adresse(s) e-mail.<\/p>\n<p><strong><br \/>\nARTICLE 4 &#8211; POLITIQUE DE COOKIES<\/strong><\/p>\n<p>Le site <span id=\"span_id_nom_du_site_internet\">Sopilates<\/span> a \u00e9ventuellement recours aux techniques de &#8220;cookies&#8221; lui permettant de traiter des statistiques et des informations sur le trafic, de faciliter la navigation et d&#8217;am\u00e9liorer le service pour le confort de l&#8217;Utilisateur.<\/p>\n<p>Conform\u00e9ment \u00e0 la l\u00e9gislation europ\u00e9enne, le site <span id=\"span_id_nom_du_site_internet\">Sopilates<\/span> a mis \u00e0 jour sa politique de confidentialit\u00e9 en mati\u00e8re de cookies. L&#8217;Utilisateur est libre d&#8217;accepter ou de refuser les cookies de tous les sites internet en modifiant les param\u00e8tres de son navigateur internet.<\/p>\n<p><strong><br \/>\nARTICLE 5 &#8211; <\/strong><strong>CONTACT<\/strong><\/p>\n<p>Pour tout signalement de contenus ou d&#8217;activit\u00e9s illicites, l&#8217;Utilisateur peut contacter l&#8217;\u00c9diteur \u00e0 l&#8217;adresse suivante : 18 rue Catherine S\u00e9gurane \u00e0 Nice, ou par courrier recommand\u00e9 avec accus\u00e9 de r\u00e9ception adress\u00e9 \u00e0 l&#8217;\u00c9diteur aux coordonn\u00e9es pr\u00e9cis\u00e9es dans les pr\u00e9sentes mentions l\u00e9gales.<\/p>\n<\/div>","protected":false},"excerpt":{"rendered":"<p>Sopilates &nbsp; Conform\u00e9ment aux dispositions des Articles 6-III et 19 de la Loi n\u00b02004-575 du 21 juin 2004 pour la Confiance dans l&#8217;\u00e9conomie num\u00e9rique, dite L.C.E.N., il est port\u00e9 \u00e0 la connaissance des utilisateurs et visiteurs du site Sopilates les pr\u00e9sentes mentions l\u00e9gales. Le site Sopilates est accessible \u00e0 l&#8217;adresse suivante : http:\/\/www.sopilates-nice.com (ci-apr\u00e8s &#8220;le&#8230;<\/p>\n","protected":false},"author":1,"featured_media":0,"parent":0,"menu_order":0,"comment_status":"closed","ping_status":"closed","template":"","meta":{"footnotes":""},"class_list":["post-159","page","type-page","status-publish","hentry"],"aioseo_notices":[],"_links":{"self":[{"href":"https:\/\/sopilates.test-informanice.com\/en\/wp-json\/wp\/v2\/pages\/159","targetHints":{"allow":["GET"]}}],"collection":[{"href":"https:\/\/sopilates.test-informanice.com\/en\/wp-json\/wp\/v2\/pages"}],"about":[{"href":"https:\/\/sopilates.test-informanice.com\/en\/wp-json\/wp\/v2\/types\/page"}],"author":[{"embeddable":true,"href":"https:\/\/sopilates.test-informanice.com\/en\/wp-json\/wp\/v2\/users\/1"}],"replies":[{"embeddable":true,"href":"https:\/\/sopilates.test-informanice.com\/en\/wp-json\/wp\/v2\/comments?post=159"}],"version-history":[{"count":0,"href":"https:\/\/sopilates.test-informanice.com\/en\/wp-json\/wp\/v2\/pages\/159\/revisions"}],"wp:attachment":[{"href":"https:\/\/sopilates.test-informanice.com\/en\/wp-json\/wp\/v2\/media?parent=159"}],"curies":[{"name":"wp","href":"https:\/\/api.w.org\/{rel}","templated":true}]}}